{"id":2264,"date":"2024-12-09T12:09:32","date_gmt":"2024-12-09T11:09:32","guid":{"rendered":"https:\/\/incitis.com\/?page_id=2264"},"modified":"2026-01-27T15:46:17","modified_gmt":"2026-01-27T14:46:17","slug":"accueil-v2","status":"publish","type":"page","link":"https:\/\/incitis.com\/fr\/","title":{"rendered":"Accueil"},"content":{"rendered":"\n\n\n<div style=\"margin-left: 25%; font-family: Roboto; line-height: 1;\"><span style=\"color: #000000; font-size: 60px; font-weight: lighter;\">Imaginez<\/span><\/p>\n<p><span style=\"color: #005694; font-size: 60px;\">la livraison autrement<\/span><\/p>\n<p><span style=\"color: #000; font-size: 60px; font-weight: lighter;\">avec <\/span><br \/><span style=\"color: #208a59; font-size: 60px; font-weight: bold;\">Incitis<\/span><\/p>\n<\/div>\n<p><span style=\"font-family: KoHo; font-size: 22px;\">Incitis con\u00e7oit, fabrique et commercialise une nouvelle g\u00e9n\u00e9ration de camions \u00e9lectriques urbains, avec une architecture in\u00e9dite. Cette innovation brevet\u00e9e r\u00e9volutionne la logistique urbaine : un camion qui s&rsquo;abaisse au sol pour des livraisons de plain-pied en toute s\u00e9curit\u00e9, avec 5 ouvertures sur 3 c\u00f4t\u00e9s. <\/span><\/p>\n<p><span style=\"font-family: KoHo; font-size: 22px;\">Avec ces v\u00e9hicules, Incitis a cr\u00e9\u00e9 le concept <span style=\"color: #005694;\"><span class=\"s2\">UrbanCargo<\/span>\u00ae<\/span> r\u00e9duisant les co\u00fbts de livraison de 30 %, offrant le Z\u00e9ro Emission au co\u00fbt de possession du Diesel.<\/span><\/p>\n\n\n<p class=\"wp-block-paragraph\"><a href=\"https:\/\/incitis.com\/investir-dans-notre-projet\/\" data-type=\"page\" data-id=\"993\">D\u00e9couvrir le nouveau design en situation<\/a><\/p>\n\n\n\n<div class=\"wp-block-media-text is-stacked-on-mobile is-vertically-aligned-center is-style-default\" style=\"grid-template-columns:54% auto\"><figure class=\"wp-block-media-text__media\"><img data-recalc-dims=\"1\" loading=\"lazy\" decoding=\"async\" width=\"1024\" height=\"640\" data-attachment-id=\"3101\" data-permalink=\"https:\/\/incitis.com\/fr\/accueil-v2\/urbancargo-2-207-2\/\" data-orig-file=\"https:\/\/i0.wp.com\/incitis.com\/wp-content\/uploads\/2025\/11\/UrbanCargo-2.207.png?fit=3840%2C2400&amp;ssl=1\" data-orig-size=\"3840,2400\" data-comments-opened=\"0\" data-image-meta=\"{&quot;aperture&quot;:&quot;0&quot;,&quot;credit&quot;:&quot;&quot;,&quot;camera&quot;:&quot;&quot;,&quot;caption&quot;:&quot;&quot;,&quot;created_timestamp&quot;:&quot;0&quot;,&quot;copyright&quot;:&quot;&quot;,&quot;focal_length&quot;:&quot;0&quot;,&quot;iso&quot;:&quot;0&quot;,&quot;shutter_speed&quot;:&quot;0&quot;,&quot;title&quot;:&quot;&quot;,&quot;orientation&quot;:&quot;0&quot;}\" data-image-title=\"UrbanCargo 2.207\" data-image-description=\"\" data-image-caption=\"\" data-medium-file=\"https:\/\/i0.wp.com\/incitis.com\/wp-content\/uploads\/2025\/11\/UrbanCargo-2.207.png?fit=300%2C188&amp;ssl=1\" data-large-file=\"https:\/\/i0.wp.com\/incitis.com\/wp-content\/uploads\/2025\/11\/UrbanCargo-2.207.png?fit=1024%2C640&amp;ssl=1\" src=\"https:\/\/i0.wp.com\/incitis.com\/wp-content\/uploads\/2025\/11\/UrbanCargo-2.207.png?resize=1024%2C640&#038;ssl=1\" alt=\"\" class=\"wp-image-3101 size-full\" srcset=\"https:\/\/i0.wp.com\/incitis.com\/wp-content\/uploads\/2025\/11\/UrbanCargo-2.207.png?resize=1024%2C640&amp;ssl=1 1024w, https:\/\/i0.wp.com\/incitis.com\/wp-content\/uploads\/2025\/11\/UrbanCargo-2.207.png?resize=300%2C188&amp;ssl=1 300w, https:\/\/i0.wp.com\/incitis.com\/wp-content\/uploads\/2025\/11\/UrbanCargo-2.207.png?resize=768%2C480&amp;ssl=1 768w, https:\/\/i0.wp.com\/incitis.com\/wp-content\/uploads\/2025\/11\/UrbanCargo-2.207.png?resize=1536%2C960&amp;ssl=1 1536w, https:\/\/i0.wp.com\/incitis.com\/wp-content\/uploads\/2025\/11\/UrbanCargo-2.207.png?resize=2048%2C1280&amp;ssl=1 2048w, https:\/\/i0.wp.com\/incitis.com\/wp-content\/uploads\/2025\/11\/UrbanCargo-2.207.png?resize=18%2C12&amp;ssl=1 18w, https:\/\/i0.wp.com\/incitis.com\/wp-content\/uploads\/2025\/11\/UrbanCargo-2.207.png?w=3000&amp;ssl=1 3000w\" sizes=\"auto, (max-width: 1000px) 100vw, 1000px\" \/><\/figure><div class=\"wp-block-media-text__content\">\n<div class=\"wp-block-buttons is-layout-flex wp-block-buttons-is-layout-flex\">\n<div class=\"wp-block-button\"><a class=\"wp-block-button__link has-background has-small-font-size has-custom-font-size wp-element-button\" href=\"https:\/\/incitis.com\/notre-solution\" style=\"border-radius:40px;background-color:#008f9d;padding-top:0px;padding-right:15px;padding-bottom:0px;padding-left:15px\">Notre solution<\/a><\/div>\n<\/div>\n<\/div><\/div>\n\n\n<p class=\"p1\"><span class=\"s1\" style=\"font-family: KoHo; font-size: 22px;\">En ville et en interurbain,<span class=\"Apple-converted-space\">\u00a0 <\/span>les livraisons doivent se r\u00e9inventer. <br \/><\/span><span style=\"font-family: KoHo; font-size: 22px;\"><span class=\"s1\">Gr\u00e2ce au concept <\/span><span style=\"color: #005694;\"><span class=\"s2\">UrbanCargo<\/span>\u00ae<\/span><span class=\"s1\"> d\u00e9velopp\u00e9 par Incitis, ce sont des livraisons sans \u00e9mission et sans bruit ; agiles et ergonomiques ; r\u00e9alis\u00e9es en s\u00e9curit\u00e9.<\/span><\/span><\/p>\n<p class=\"p1\"><span style=\"font-family: KoHo; font-size: 22px;\"><span style=\"color: #005694;\"><span class=\"s1\">L<\/span><span class=\"s4\">\u2019<\/span><span class=\"s2\">UrbanCargo<\/span>\u00ae<\/span><span class=\"s1\">, c\u2019est le cha\u00eenon id\u00e9al entre les hubs logistiques et les c\u0153urs des villes pour des livraisons vertueuses pour tous types de commerces, la restauration, l\u2019h\u00f4tellerie, etc.<br \/><\/span><\/span><span class=\"s1\" style=\"font-family: KoHo; font-size: 22px;\">Par son architecture permettant un passage de relai ais\u00e9, il facilite le d\u00e9veloppement de l\u2019usage des v\u00e9los cargos pour le Dernier Kilom\u00e8tre en zones \u00e0 acc\u00e8s restreint.<\/span><\/p>\n\n\n<h2 class=\"wp-block-heading has-text-align-left has-text-color has-link-color has-custom-weight has-custom-lineheight wp-elements-ca8bf2f62427431a3ee3ca4e04f1ab01\" style=\"border-style:none;border-width:0px;color:#005694;margin-top:60px;line-height:1.3;font-weight:normal\">Un projet port\u00e9 par une \u00e9quipe de managers experts associ\u00e9s \u00e0 des partenaires reconnus<\/h2>\n\n\n\n<div class=\"wp-block-media-text alignwide has-media-on-the-right is-stacked-on-mobile is-image-fill-element has-background\" style=\"background-color:#254e8a;padding-top:0px;padding-bottom:0px;grid-template-columns:auto 29%\"><div class=\"wp-block-media-text__content\">\n<p style=\"padding-left: 120px;\"><span style=\"color: #ffffff;\"><em><strong><span style=\"font-size: 20px;\"><span style=\"font-family: KoHo;\">\u00ab Avec Incitis, nous proposons des r\u00e9ponses pour d\u00e9sencombrer l\u2019espace urbain et am\u00e9liorer la s\u00e9curit\u00e9 et la qualit\u00e9 de vie dans les agglom\u00e9rations.<\/span><\/span><\/strong><\/em><\/span><\/p>\n<p style=\"padding-left: 120px;\"><span style=\"color: #ffffff;\"><em><strong><span style=\"font-family: KoHo; font-size: 20px;\">Nous nous sommes appuy\u00e9s sur notre exp\u00e9rience dans le transport de marchandises et sur le soutien de nos partenaires pour d\u00e9velopper une solution au service d\u2019une soci\u00e9t\u00e9 plus durable. \u00bb <\/span><\/strong><\/em><\/span><\/p>\n<p style=\"padding-left: 120px;\"><span style=\"color: #ffffff;\"><strong>Eric Poyeton, fondateur d\u2019Incitis et Pr\u00e9sident du Conseil.<\/strong><\/span><\/p>\n<\/div><figure class=\"wp-block-media-text__media\"><img data-recalc-dims=\"1\" loading=\"lazy\" decoding=\"async\" width=\"1024\" height=\"683\" data-attachment-id=\"856\" data-permalink=\"https:\/\/incitis.com\/fr\/?attachment_id=856\" data-orig-file=\"https:\/\/i0.wp.com\/incitis.com\/wp-content\/uploads\/2023\/08\/ep-accueil.jpg?fit=2290%2C1527&amp;ssl=1\" data-orig-size=\"2290,1527\" data-comments-opened=\"1\" data-image-meta=\"{&quot;aperture&quot;:&quot;0&quot;,&quot;credit&quot;:&quot;&quot;,&quot;camera&quot;:&quot;&quot;,&quot;caption&quot;:&quot;&quot;,&quot;created_timestamp&quot;:&quot;0&quot;,&quot;copyright&quot;:&quot;&quot;,&quot;focal_length&quot;:&quot;0&quot;,&quot;iso&quot;:&quot;0&quot;,&quot;shutter_speed&quot;:&quot;0&quot;,&quot;title&quot;:&quot;&quot;,&quot;orientation&quot;:&quot;0&quot;}\" data-image-title=\"ep-accueil\" data-image-description=\"\" data-image-caption=\"\" data-medium-file=\"https:\/\/i0.wp.com\/incitis.com\/wp-content\/uploads\/2023\/08\/ep-accueil.jpg?fit=300%2C200&amp;ssl=1\" data-large-file=\"https:\/\/i0.wp.com\/incitis.com\/wp-content\/uploads\/2023\/08\/ep-accueil.jpg?fit=1024%2C683&amp;ssl=1\" src=\"https:\/\/i0.wp.com\/incitis.com\/wp-content\/uploads\/2023\/08\/ep-accueil.jpg?resize=1024%2C683&#038;ssl=1\" alt=\"\" class=\"wp-image-856 size-full\" style=\"object-position:42% 26%\" srcset=\"https:\/\/i0.wp.com\/incitis.com\/wp-content\/uploads\/2023\/08\/ep-accueil.jpg?resize=1024%2C683&amp;ssl=1 1024w, https:\/\/i0.wp.com\/incitis.com\/wp-content\/uploads\/2023\/08\/ep-accueil.jpg?resize=300%2C200&amp;ssl=1 300w, https:\/\/i0.wp.com\/incitis.com\/wp-content\/uploads\/2023\/08\/ep-accueil.jpg?resize=768%2C512&amp;ssl=1 768w, https:\/\/i0.wp.com\/incitis.com\/wp-content\/uploads\/2023\/08\/ep-accueil.jpg?resize=1536%2C1024&amp;ssl=1 1536w, https:\/\/i0.wp.com\/incitis.com\/wp-content\/uploads\/2023\/08\/ep-accueil.jpg?resize=2048%2C1366&amp;ssl=1 2048w, https:\/\/i0.wp.com\/incitis.com\/wp-content\/uploads\/2023\/08\/ep-accueil.jpg?resize=1200%2C800&amp;ssl=1 1200w\" sizes=\"auto, (max-width: 1000px) 100vw, 1000px\" \/><\/figure><\/div>\n\n\n\n<figure class=\"wp-block-image alignwide size-full is-style-default mt-0\"><img data-recalc-dims=\"1\" loading=\"lazy\" decoding=\"async\" width=\"1200\" height=\"74\" data-attachment-id=\"885\" data-permalink=\"https:\/\/incitis.com\/fr\/?attachment_id=885\" data-orig-file=\"https:\/\/i0.wp.com\/incitis.com\/wp-content\/uploads\/2023\/08\/forme01-5.png?fit=1200%2C74&amp;ssl=1\" data-orig-size=\"1200,74\" data-comments-opened=\"1\" data-image-meta=\"{&quot;aperture&quot;:&quot;0&quot;,&quot;credit&quot;:&quot;&quot;,&quot;camera&quot;:&quot;&quot;,&quot;caption&quot;:&quot;&quot;,&quot;created_timestamp&quot;:&quot;0&quot;,&quot;copyright&quot;:&quot;&quot;,&quot;focal_length&quot;:&quot;0&quot;,&quot;iso&quot;:&quot;0&quot;,&quot;shutter_speed&quot;:&quot;0&quot;,&quot;title&quot;:&quot;&quot;,&quot;orientation&quot;:&quot;0&quot;}\" data-image-title=\"forme01-5\" data-image-description=\"\" data-image-caption=\"\" data-medium-file=\"https:\/\/i0.wp.com\/incitis.com\/wp-content\/uploads\/2023\/08\/forme01-5.png?fit=300%2C19&amp;ssl=1\" data-large-file=\"https:\/\/i0.wp.com\/incitis.com\/wp-content\/uploads\/2023\/08\/forme01-5.png?fit=1024%2C63&amp;ssl=1\" src=\"https:\/\/i0.wp.com\/incitis.com\/wp-content\/uploads\/2023\/08\/forme01-5.png?resize=1200%2C74&#038;ssl=1\" alt=\"\" class=\"wp-image-885\" srcset=\"https:\/\/i0.wp.com\/incitis.com\/wp-content\/uploads\/2023\/08\/forme01-5.png?w=1200&amp;ssl=1 1200w, https:\/\/i0.wp.com\/incitis.com\/wp-content\/uploads\/2023\/08\/forme01-5.png?resize=300%2C19&amp;ssl=1 300w, https:\/\/i0.wp.com\/incitis.com\/wp-content\/uploads\/2023\/08\/forme01-5.png?resize=1024%2C63&amp;ssl=1 1024w, https:\/\/i0.wp.com\/incitis.com\/wp-content\/uploads\/2023\/08\/forme01-5.png?resize=768%2C47&amp;ssl=1 768w\" sizes=\"auto, (max-width: 1000px) 100vw, 1000px\" \/><\/figure>\n\n\n<p><strong><span style=\"color: #208a59;\">Incitis<\/span>, c\u2019est une <span style=\"color: #208a59;\">\u00e9quipe<\/span> anim\u00e9e par les m\u00eames valeurs et la m\u00eame volont\u00e9 d\u2019am\u00e9liorer la qualit\u00e9 de vie des citoyens et les conditions de travail des acteurs de la livraison urbaine pour r\u00e9pondre \u00e0 un enjeu de grande envergure au niveau mondial.<\/strong><\/p>\n\n\n<div class=\"wp-block-buttons is-layout-flex wp-block-buttons-is-layout-flex\">\n<div class=\"wp-block-button is-style-circular has-custom-font\" style=\"font-family:open-sans\"><a class=\"wp-block-button__link has-background has-open-sans-font-family has-small-font-size has-custom-font-size wp-element-button\" href=\"https:\/\/incitis.com\/qui-sommes-nous\/\" style=\"border-radius:40px;background-color:#008f9d;padding-top:0px;padding-right:15px;padding-bottom:0px;padding-left:15px;font-style:normal;font-weight:400\">Qui sommes-nous ?<\/a><\/div>\n\n\n\n<div class=\"wp-block-button\"><a class=\"wp-block-button__link has-background has-small-font-size has-custom-font-size wp-element-button\" href=\"https:\/\/incitis.com\/investir-dans-notre-projet\/\" style=\"border-radius:40px;background-color:#008f9d;padding-top:0px;padding-right:15px;padding-bottom:0px;padding-left:15px\">Investir dans notre projet<\/a><\/div>\n<\/div>\n\n\n\n<figure class=\"wp-block-image alignfull size-full\"><img data-recalc-dims=\"1\" loading=\"lazy\" decoding=\"async\" width=\"3000\" height=\"1325\" data-attachment-id=\"1482\" data-permalink=\"https:\/\/incitis.com\/fr\/?attachment_id=1482\" data-orig-file=\"https:\/\/i0.wp.com\/incitis.com\/wp-content\/uploads\/2023\/09\/accueil02.jpg?fit=3000%2C1325&amp;ssl=1\" data-orig-size=\"3000,1325\" data-comments-opened=\"1\" data-image-meta=\"{&quot;aperture&quot;:&quot;0&quot;,&quot;credit&quot;:&quot;&quot;,&quot;camera&quot;:&quot;&quot;,&quot;caption&quot;:&quot;&quot;,&quot;created_timestamp&quot;:&quot;0&quot;,&quot;copyright&quot;:&quot;Copyright (c) 2022 Sansoen Saengsakaorat\/Shutterstock.  No use without permission.&quot;,&quot;focal_length&quot;:&quot;0&quot;,&quot;iso&quot;:&quot;0&quot;,&quot;shutter_speed&quot;:&quot;0&quot;,&quot;title&quot;:&quot;&quot;,&quot;orientation&quot;:&quot;0&quot;}\" data-image-title=\"accueil02\" data-image-description=\"\" data-image-caption=\"\" data-medium-file=\"https:\/\/i0.wp.com\/incitis.com\/wp-content\/uploads\/2023\/09\/accueil02.jpg?fit=300%2C133&amp;ssl=1\" data-large-file=\"https:\/\/i0.wp.com\/incitis.com\/wp-content\/uploads\/2023\/09\/accueil02.jpg?fit=1024%2C452&amp;ssl=1\" src=\"https:\/\/i0.wp.com\/incitis.com\/wp-content\/uploads\/2023\/09\/accueil02.jpg?resize=3000%2C1325&#038;ssl=1\" alt=\"\" class=\"wp-image-1482\" srcset=\"https:\/\/i0.wp.com\/incitis.com\/wp-content\/uploads\/2023\/09\/accueil02.jpg?w=3000&amp;ssl=1 3000w, https:\/\/i0.wp.com\/incitis.com\/wp-content\/uploads\/2023\/09\/accueil02.jpg?resize=300%2C133&amp;ssl=1 300w, https:\/\/i0.wp.com\/incitis.com\/wp-content\/uploads\/2023\/09\/accueil02.jpg?resize=1024%2C452&amp;ssl=1 1024w, https:\/\/i0.wp.com\/incitis.com\/wp-content\/uploads\/2023\/09\/accueil02.jpg?resize=768%2C339&amp;ssl=1 768w, https:\/\/i0.wp.com\/incitis.com\/wp-content\/uploads\/2023\/09\/accueil02.jpg?resize=1536%2C678&amp;ssl=1 1536w, https:\/\/i0.wp.com\/incitis.com\/wp-content\/uploads\/2023\/09\/accueil02.jpg?resize=2048%2C905&amp;ssl=1 2048w, https:\/\/i0.wp.com\/incitis.com\/wp-content\/uploads\/2023\/09\/accueil02.jpg?resize=1200%2C530&amp;ssl=1 1200w\" sizes=\"auto, (max-width: 1000px) 100vw, 1000px\" \/><\/figure>\n\n\n\n<h2 class=\"wp-block-heading has-text-align-left has-text-color has-link-color has-x-large-font-size has-custom-weight has-custom-lineheight wp-elements-93f9cad339933339907249d100f72954\" style=\"color:#293189;line-height:1.3;font-weight:normal\">Les enjeux de la livraison urbaine de marchandises :<\/h2>\n\n\n\n<div class=\"wp-block-columns is-layout-flex wp-container-core-columns-is-layout-f56f613f wp-block-columns-is-layout-flex\">\n<div class=\"wp-block-column is-layout-flow wp-block-column-is-layout-flow\">\n<p><img data-recalc-dims=\"1\" loading=\"lazy\" decoding=\"async\" data-attachment-id=\"897\" data-permalink=\"https:\/\/incitis.com\/fr\/?attachment_id=897\" data-orig-file=\"https:\/\/i0.wp.com\/incitis.com\/wp-content\/uploads\/2023\/08\/icone01-1.png?fit=100%2C100&amp;ssl=1\" data-orig-size=\"100,100\" data-comments-opened=\"1\" data-image-meta=\"{&quot;aperture&quot;:&quot;0&quot;,&quot;credit&quot;:&quot;&quot;,&quot;camera&quot;:&quot;&quot;,&quot;caption&quot;:&quot;&quot;,&quot;created_timestamp&quot;:&quot;0&quot;,&quot;copyright&quot;:&quot;&quot;,&quot;focal_length&quot;:&quot;0&quot;,&quot;iso&quot;:&quot;0&quot;,&quot;shutter_speed&quot;:&quot;0&quot;,&quot;title&quot;:&quot;&quot;,&quot;orientation&quot;:&quot;0&quot;}\" data-image-title=\"icone01\" data-image-description=\"\" data-image-caption=\"\" data-medium-file=\"https:\/\/i0.wp.com\/incitis.com\/wp-content\/uploads\/2023\/08\/icone01-1.png?fit=100%2C100&amp;ssl=1\" data-large-file=\"https:\/\/i0.wp.com\/incitis.com\/wp-content\/uploads\/2023\/08\/icone01-1.png?fit=100%2C100&amp;ssl=1\" class=\"wp-image-897 size-full aligncenter\" src=\"https:\/\/i0.wp.com\/incitis.com\/wp-content\/uploads\/2023\/08\/icone01-1.png?resize=100%2C100&#038;ssl=1\" alt=\"\" width=\"100\" height=\"100\" \/><\/p>\n<p style=\"text-align: center;\"><strong><span style=\"color: #293189;\">66%<\/span> de la population mondiale vivra en zone urbaine en 2050 (Rapport ONU).<\/strong><\/p>\n<\/div>\n\n\n\n<div class=\"wp-block-column is-layout-flow wp-block-column-is-layout-flow\">\n<p><img data-recalc-dims=\"1\" loading=\"lazy\" decoding=\"async\" data-attachment-id=\"900\" data-permalink=\"https:\/\/incitis.com\/fr\/?attachment_id=900\" data-orig-file=\"https:\/\/i0.wp.com\/incitis.com\/wp-content\/uploads\/2023\/08\/icone02-1.png?fit=132%2C100&amp;ssl=1\" data-orig-size=\"132,100\" data-comments-opened=\"1\" data-image-meta=\"{&quot;aperture&quot;:&quot;0&quot;,&quot;credit&quot;:&quot;&quot;,&quot;camera&quot;:&quot;&quot;,&quot;caption&quot;:&quot;&quot;,&quot;created_timestamp&quot;:&quot;0&quot;,&quot;copyright&quot;:&quot;&quot;,&quot;focal_length&quot;:&quot;0&quot;,&quot;iso&quot;:&quot;0&quot;,&quot;shutter_speed&quot;:&quot;0&quot;,&quot;title&quot;:&quot;&quot;,&quot;orientation&quot;:&quot;0&quot;}\" data-image-title=\"icone02\" data-image-description=\"\" data-image-caption=\"\" data-medium-file=\"https:\/\/i0.wp.com\/incitis.com\/wp-content\/uploads\/2023\/08\/icone02-1.png?fit=132%2C100&amp;ssl=1\" data-large-file=\"https:\/\/i0.wp.com\/incitis.com\/wp-content\/uploads\/2023\/08\/icone02-1.png?fit=132%2C100&amp;ssl=1\" class=\"size-full wp-image-900 aligncenter\" src=\"https:\/\/i0.wp.com\/incitis.com\/wp-content\/uploads\/2023\/08\/icone02-1.png?resize=132%2C100&#038;ssl=1\" alt=\"\" width=\"132\" height=\"100\" \/><\/p>\n<p style=\"text-align: center;\"><strong><span style=\"color: #293189;\">5 millions de tonnes<\/span> de marchandises parcourent 20 km chaque jour dans une ville comme Paris <span style=\"color: #005694;\">(\u00ab\u00a0L\u2019avenir du Transport Routier de Marchandises\u00a0\u00bb 2018).<\/span><\/strong><\/p>\n<\/div>\n\n\n\n<div class=\"wp-block-column is-layout-flow wp-block-column-is-layout-flow\">\n<p><img data-recalc-dims=\"1\" loading=\"lazy\" decoding=\"async\" data-attachment-id=\"904\" data-permalink=\"https:\/\/incitis.com\/fr\/?attachment_id=904\" data-orig-file=\"https:\/\/i0.wp.com\/incitis.com\/wp-content\/uploads\/2023\/08\/icone04.png?fit=117%2C100&amp;ssl=1\" data-orig-size=\"117,100\" data-comments-opened=\"1\" data-image-meta=\"{&quot;aperture&quot;:&quot;0&quot;,&quot;credit&quot;:&quot;&quot;,&quot;camera&quot;:&quot;&quot;,&quot;caption&quot;:&quot;&quot;,&quot;created_timestamp&quot;:&quot;0&quot;,&quot;copyright&quot;:&quot;&quot;,&quot;focal_length&quot;:&quot;0&quot;,&quot;iso&quot;:&quot;0&quot;,&quot;shutter_speed&quot;:&quot;0&quot;,&quot;title&quot;:&quot;&quot;,&quot;orientation&quot;:&quot;0&quot;}\" data-image-title=\"icone04\" data-image-description=\"\" data-image-caption=\"\" data-medium-file=\"https:\/\/i0.wp.com\/incitis.com\/wp-content\/uploads\/2023\/08\/icone04.png?fit=117%2C100&amp;ssl=1\" data-large-file=\"https:\/\/i0.wp.com\/incitis.com\/wp-content\/uploads\/2023\/08\/icone04.png?fit=117%2C100&amp;ssl=1\" class=\"wp-image-904 size-full aligncenter\" src=\"https:\/\/i0.wp.com\/incitis.com\/wp-content\/uploads\/2023\/08\/icone04.png?resize=117%2C100&#038;ssl=1\" alt=\"\" width=\"117\" height=\"100\" \/><\/p>\n<p style=\"text-align: center;\"><strong>Les agglom\u00e9rations d\u00e9ploient des zones \u00e0 faibles \u00e9missions et interdisent progressivement les v\u00e9hicules les plus polluants.<\/strong><\/p>\n<\/div>\n<\/div>\n\n\n\n<div class=\"wp-block-columns is-layout-flex wp-container-core-columns-is-layout-f56f613f wp-block-columns-is-layout-flex\">\n<div class=\"wp-block-column is-layout-flow wp-block-column-is-layout-flow\">\n<p><img data-recalc-dims=\"1\" loading=\"lazy\" decoding=\"async\" data-attachment-id=\"906\" data-permalink=\"https:\/\/incitis.com\/fr\/?attachment_id=906\" data-orig-file=\"https:\/\/i0.wp.com\/incitis.com\/wp-content\/uploads\/2023\/08\/icone05.png?fit=154%2C100&amp;ssl=1\" data-orig-size=\"154,100\" data-comments-opened=\"1\" data-image-meta=\"{&quot;aperture&quot;:&quot;0&quot;,&quot;credit&quot;:&quot;&quot;,&quot;camera&quot;:&quot;&quot;,&quot;caption&quot;:&quot;&quot;,&quot;created_timestamp&quot;:&quot;0&quot;,&quot;copyright&quot;:&quot;&quot;,&quot;focal_length&quot;:&quot;0&quot;,&quot;iso&quot;:&quot;0&quot;,&quot;shutter_speed&quot;:&quot;0&quot;,&quot;title&quot;:&quot;&quot;,&quot;orientation&quot;:&quot;0&quot;}\" data-image-title=\"icone05\" data-image-description=\"\" data-image-caption=\"\" data-medium-file=\"https:\/\/i0.wp.com\/incitis.com\/wp-content\/uploads\/2023\/08\/icone05.png?fit=154%2C100&amp;ssl=1\" data-large-file=\"https:\/\/i0.wp.com\/incitis.com\/wp-content\/uploads\/2023\/08\/icone05.png?fit=154%2C100&amp;ssl=1\" class=\"wp-image-906 size-full aligncenter\" src=\"https:\/\/i0.wp.com\/incitis.com\/wp-content\/uploads\/2023\/08\/icone05.png?resize=154%2C100&#038;ssl=1\" alt=\"\" width=\"154\" height=\"100\" \/><\/p>\n<p style=\"text-align: center;\"><strong>L\u2019Europe impose de r\u00e9duire les \u00e9missions de CO<sub>2<\/sub> d\u2019au moins 55% en 2030 (par rapport \u00e0 1990) et d\u2019atteindre la neutralit\u00e9 carbone \u00e0 l\u2019horizon 2050 <span style=\"color: #005694;\">(loi europ\u00e9enne sur le climat \/ Fit for 55).<\/span><\/strong><\/p>\n<\/div>\n\n\n\n<div class=\"wp-block-column is-layout-flow wp-block-column-is-layout-flow\">\n<p><img data-recalc-dims=\"1\" loading=\"lazy\" decoding=\"async\" data-attachment-id=\"907\" data-permalink=\"https:\/\/incitis.com\/fr\/?attachment_id=907\" data-orig-file=\"https:\/\/i0.wp.com\/incitis.com\/wp-content\/uploads\/2023\/08\/icone06.png?fit=97%2C100&amp;ssl=1\" data-orig-size=\"97,100\" data-comments-opened=\"1\" data-image-meta=\"{&quot;aperture&quot;:&quot;0&quot;,&quot;credit&quot;:&quot;&quot;,&quot;camera&quot;:&quot;&quot;,&quot;caption&quot;:&quot;&quot;,&quot;created_timestamp&quot;:&quot;0&quot;,&quot;copyright&quot;:&quot;&quot;,&quot;focal_length&quot;:&quot;0&quot;,&quot;iso&quot;:&quot;0&quot;,&quot;shutter_speed&quot;:&quot;0&quot;,&quot;title&quot;:&quot;&quot;,&quot;orientation&quot;:&quot;0&quot;}\" data-image-title=\"icone06\" data-image-description=\"\" data-image-caption=\"\" data-medium-file=\"https:\/\/i0.wp.com\/incitis.com\/wp-content\/uploads\/2023\/08\/icone06.png?fit=97%2C100&amp;ssl=1\" data-large-file=\"https:\/\/i0.wp.com\/incitis.com\/wp-content\/uploads\/2023\/08\/icone06.png?fit=97%2C100&amp;ssl=1\" class=\"wp-image-907 size-full aligncenter\" src=\"https:\/\/i0.wp.com\/incitis.com\/wp-content\/uploads\/2023\/08\/icone06.png?resize=97%2C100&#038;ssl=1\" alt=\"\" width=\"97\" height=\"100\" \/><\/p>\n<p style=\"text-align: center;\"><strong>La place d\u00e9di\u00e9e au transport routier dans les villes se r\u00e9duit, les aires de livraison sont insuffisantes et peu exploitables et les conditions de livraisons g\u00e9n\u00e8rent des risques s\u00e9curit\u00e9 pour les livreurs et ceux qui sont \u00e0 proximit\u00e9.<\/strong><\/p>\n<\/div>\n<\/div>\n","protected":false},"excerpt":{"rendered":"<p>Imaginez la livraison autrement avec Incitis Incitis con\u00e7oit, fabrique et commercialise une nouvelle g\u00e9n\u00e9ration de camions \u00e9lectriques urbains, avec une architecture in\u00e9dite. Cette innovation brevet\u00e9e r\u00e9volutionne la logistique urbaine : un camion qui s&rsquo;abaisse au sol pour des livraisons de plain-pied en toute s\u00e9curit\u00e9, avec 5 ouvertures sur 3 c\u00f4t\u00e9s. Avec ces v\u00e9hicules, Incitis a [&hellip;]<\/p>\n","protected":false},"author":239238180,"featured_media":0,"parent":0,"menu_order":0,"comment_status":"closed","ping_status":"closed","template":"","meta":{"_coblocks_attr":"","_coblocks_dimensions":"","_coblocks_responsive_height":"","_coblocks_accordion_ie_support":"","_crdt_document":"","advanced_seo_description":"","jetpack_seo_html_title":"","jetpack_seo_noindex":false,"jetpack_post_was_ever_published":false,"footnotes":""},"class_list":["post-2264","page","type-page","status-publish","hentry"],"jetpack_likes_enabled":true,"jetpack_sharing_enabled":true,"jetpack_shortlink":"https:\/\/wp.me\/Pbn9a2-Aw","jetpack-related-posts":[],"_links":{"self":[{"href":"https:\/\/incitis.com\/fr\/wp-json\/wp\/v2\/pages\/2264","targetHints":{"allow":["GET"]}}],"collection":[{"href":"https:\/\/incitis.com\/fr\/wp-json\/wp\/v2\/pages"}],"about":[{"href":"https:\/\/incitis.com\/fr\/wp-json\/wp\/v2\/types\/page"}],"author":[{"embeddable":true,"href":"https:\/\/incitis.com\/fr\/wp-json\/wp\/v2\/users\/239238180"}],"replies":[{"embeddable":true,"href":"https:\/\/incitis.com\/fr\/wp-json\/wp\/v2\/comments?post=2264"}],"version-history":[{"count":21,"href":"https:\/\/incitis.com\/fr\/wp-json\/wp\/v2\/pages\/2264\/revisions"}],"predecessor-version":[{"id":3327,"href":"https:\/\/incitis.com\/fr\/wp-json\/wp\/v2\/pages\/2264\/revisions\/3327"}],"wp:attachment":[{"href":"https:\/\/incitis.com\/fr\/wp-json\/wp\/v2\/media?parent=2264"}],"curies":[{"name":"wp","href":"https:\/\/api.w.org\/{rel}","templated":true}]}}