{"id":147,"date":"2019-11-15T17:06:34","date_gmt":"2019-11-15T16:06:34","guid":{"rendered":"https:\/\/incitis.com\/?page_id=147"},"modified":"2023-09-04T08:08:09","modified_gmt":"2023-09-04T07:08:09","slug":"mentions-legales","status":"publish","type":"page","link":"https:\/\/incitis.com\/fr\/mentions-legales\/","title":{"rendered":"Mentions L\u00e9gales"},"content":{"rendered":"\n<h1 class=\"wp-block-heading\">Mentions L\u00e9gales<\/h1>\n\n\n\n<p class=\"wp-block-paragraph\"><strong>Profil de la soci\u00e9t\u00e9<\/strong><\/p>\n\n\n\n<p class=\"wp-block-paragraph\"><strong>Incitis<\/strong><\/p>\n\n\n\n<p class=\"wp-block-paragraph\">Adresse&nbsp;: 92 cours Lafayette 69003 Lyon<\/p>\n\n\n\n<p class=\"wp-block-paragraph\">N\u00b0 d\u2019immatriculation : 850 509 563 R.C.S. Lyon<\/p>\n\n\n\n<p class=\"wp-block-paragraph\">Contact&nbsp;: Patrice Paletto <a href=\"mailto:contact@incitis.com\">contact@incitis.com<\/a><\/p>\n\n\n\n<p class=\"wp-block-paragraph\">Num\u00e9ro d&rsquo;identification \u00e0 la TVA&nbsp;: FR58850509563<\/p>\n\n\n\n<p class=\"wp-block-paragraph\"><strong>Publication<\/strong><\/p>\n\n\n\n<p class=\"wp-block-paragraph\">Directeur de la publication&nbsp;: Bertrand VIDAL<\/p>\n\n\n\n<p class=\"wp-block-paragraph\"><strong>H\u00e9bergement<\/strong><\/p>\n\n\n\n<p class=\"wp-block-paragraph\">Identit\u00e9 de l&rsquo;h\u00e9bergeur : <a href=\"https:\/\/wordpress.com\/\" data-type=\"link\" data-id=\"https:\/\/wordpress.com\/\">WordPress.com<\/a><\/p>\n\n\n\n<p class=\"wp-block-paragraph\">Coordonn\u00e9es de l&rsquo;h\u00e9bergeur :<br><a href=\"https:\/\/automattic.com\/\">Automattic Inc.<\/a><br>60 29th Street\u00a0#343<br>San Francisco, CA 94110<br>United States of America<br>(877) 273-3049<\/p>\n\n\n\n<p class=\"wp-block-paragraph\"><strong>Propri\u00e9t\u00e9 intellectuelle<\/strong><\/p>\n\n\n\n<p class=\"wp-block-paragraph\">Sauf mention contraire, toutes les marques, photographies, textes, commentaires, illustrations, images anim\u00e9es ou non, s\u00e9quences vid\u00e9o, sons, ainsi que toutes les applications informatiques qui pourraient \u00eatre utilis\u00e9es pour faire fonctionner le site <a href=\"http:\/\/www.incitis.com\">www.incitis.com<\/a> et plus g\u00e9n\u00e9ralement tous les \u00e9l\u00e9ments reproduits ou utilis\u00e9s sur le site <a href=\"http:\/\/www.incitis.com\">www.incitis.com<\/a> sont la propri\u00e9t\u00e9 pleine et enti\u00e8re de l\u2019\u00e9diteur ou de ses partenaires. Toute reproduction, repr\u00e9sentation, utilisation ou adaptation, sous quelque forme que ce soit, de tout ou partie de ces \u00e9l\u00e9ments, y compris les applications informatiques, sans l\u2019accord pr\u00e9alable et \u00e9crit de l\u2019\u00e9diteur, sont strictement interdites. Le fait pour l\u2019\u00e9diteur de ne pas engager de proc\u00e9dure d\u00e8s la prise de connaissance de ces utilisations non autoris\u00e9es ne vaut pas acceptation desdites utilisations et renonciation aux poursuites.<\/p>\n","protected":false},"excerpt":{"rendered":"<p>Mentions L\u00e9gales Profil de la soci\u00e9t\u00e9 Incitis Adresse&nbsp;: 92 cours Lafayette 69003 Lyon N\u00b0 d\u2019immatriculation : 850 509 563 R.C.S. Lyon Contact&nbsp;: Patrice Paletto contact@incitis.com Num\u00e9ro d&rsquo;identification \u00e0 la TVA&nbsp;: FR58850509563 Publication Directeur de la publication&nbsp;: Bertrand VIDAL H\u00e9bergement Identit\u00e9 de l&rsquo;h\u00e9bergeur : WordPress.com Coordonn\u00e9es de l&rsquo;h\u00e9bergeur :Automattic Inc.60 29th Street\u00a0#343San Francisco, CA 94110United States [&hellip;]<\/p>\n","protected":false},"author":172781039,"featured_media":0,"parent":0,"menu_order":0,"comment_status":"closed","ping_status":"closed","template":"","meta":{"_coblocks_attr":"","_coblocks_dimensions":"","_coblocks_responsive_height":"","_coblocks_accordion_ie_support":"","_crdt_document":"","advanced_seo_description":"","jetpack_seo_html_title":"","jetpack_seo_noindex":false,"jetpack_post_was_ever_published":false,"footnotes":""},"class_list":["post-147","page","type-page","status-publish","hentry"],"jetpack_likes_enabled":true,"jetpack_sharing_enabled":true,"jetpack_shortlink":"https:\/\/wp.me\/Pbn9a2-2n","jetpack-related-posts":[],"_links":{"self":[{"href":"https:\/\/incitis.com\/fr\/wp-json\/wp\/v2\/pages\/147","targetHints":{"allow":["GET"]}}],"collection":[{"href":"https:\/\/incitis.com\/fr\/wp-json\/wp\/v2\/pages"}],"about":[{"href":"https:\/\/incitis.com\/fr\/wp-json\/wp\/v2\/types\/page"}],"author":[{"embeddable":true,"href":"https:\/\/incitis.com\/fr\/wp-json\/wp\/v2\/users\/172781039"}],"replies":[{"embeddable":true,"href":"https:\/\/incitis.com\/fr\/wp-json\/wp\/v2\/comments?post=147"}],"version-history":[{"count":8,"href":"https:\/\/incitis.com\/fr\/wp-json\/wp\/v2\/pages\/147\/revisions"}],"predecessor-version":[{"id":1503,"href":"https:\/\/incitis.com\/fr\/wp-json\/wp\/v2\/pages\/147\/revisions\/1503"}],"wp:attachment":[{"href":"https:\/\/incitis.com\/fr\/wp-json\/wp\/v2\/media?parent=147"}],"curies":[{"name":"wp","href":"https:\/\/api.w.org\/{rel}","templated":true}]}}