{"id":935,"date":"2023-08-30T13:38:14","date_gmt":"2023-08-30T12:38:14","guid":{"rendered":"https:\/\/incitis.com\/?page_id=935"},"modified":"2025-11-17T09:36:21","modified_gmt":"2025-11-17T08:36:21","slug":"notre-solution","status":"publish","type":"page","link":"https:\/\/incitis.com\/en\/notre-solution\/","title":{"rendered":"Our solution"},"content":{"rendered":"<figure class=\"wp-block-video alignfull wp-block-embed is-type-video is-provider-videopress\"><div class=\"wp-block-embed__wrapper\">\n<iframe title=\"VideoPress Video Player\" aria-label='VideoPress Video Player' width='500' height='281' src='https:\/\/videopress.com\/embed\/UfyR35XX?cover=1&amp;autoPlay=1&amp;loop=1&amp;muted=1&amp;persistVolume=0&amp;preloadContent=metadata&amp;useAverageColor=1&amp;hd=0' frameborder='0' allowfullscreen data-resize-to-parent=\"true\" allow='clipboard-write'><\/iframe><script src='https:\/\/v0.wordpress.com\/js\/next\/videopress-iframe.js?m=1739540970'><\/script>\n<\/div><\/figure>\n\n\n\n<figure style=\"margin-top:auto;\" class=\"wp-block-image alignwide size-full\"><img data-recalc-dims=\"1\" decoding=\"async\" data-attachment-id=\"941\" data-permalink=\"https:\/\/incitis.com\/en\/notre-solution\/forme02\/\" data-orig-file=\"https:\/\/i0.wp.com\/incitis.com\/wp-content\/uploads\/2023\/08\/forme02.png?fit=1200%2C74&amp;ssl=1\" data-orig-size=\"1200,74\" data-comments-opened=\"1\" data-image-meta=\"{&quot;aperture&quot;:&quot;0&quot;,&quot;credit&quot;:&quot;&quot;,&quot;camera&quot;:&quot;&quot;,&quot;caption&quot;:&quot;&quot;,&quot;created_timestamp&quot;:&quot;0&quot;,&quot;copyright&quot;:&quot;&quot;,&quot;focal_length&quot;:&quot;0&quot;,&quot;iso&quot;:&quot;0&quot;,&quot;shutter_speed&quot;:&quot;0&quot;,&quot;title&quot;:&quot;&quot;,&quot;orientation&quot;:&quot;0&quot;}\" data-image-title=\"forme02\" data-image-description=\"\" data-image-caption=\"\" data-large-file=\"https:\/\/i0.wp.com\/incitis.com\/wp-content\/uploads\/2023\/08\/forme02.png?fit=1024%2C63&amp;ssl=1\" src=\"https:\/\/i0.wp.com\/incitis.com\/wp-content\/uploads\/2023\/08\/forme09.png?ssl=1\" alt=\"\" class=\"wp-image-941\"\/><\/figure>\n\n\n\n<div style=\"margin-left:25%; font-family:\"roboto\"; line-height:1;\">\n\n<span style=\"color:#208A59; font-size:48px; font-weight: bolder; line-height:1;\">Incitis :<\/span> <br\/>\n\n<span style=\"color:#000000; font-size:60px; font-weight: lighter; line-height:1;\">A unprecedented innovative solution<\/span> <br\/>\n\n<span style=\"color:#005694; font-size:56px; line-height:1;\">for delivery <\/span>\n<\/div>\n\n\n\n<h2 class=\"wp-block-heading has-text-align-left has-text-color has-link-color has-x-large-font-size has-custom-weight has-custom-lineheight wp-elements-b85d23788f8b5e6bf211d381d69e24ad\" style=\"color:#005694;line-height:1.3;font-weight:normal\">Declutter urban space<\/h2>\n\n\n\n<h5 class=\"wp-block-heading\" style=\"font-size:18px\"><span style=\"font-family: 'Open Sans';\">With its innovative features and 8-tonne payload (equivalent to 6 to 7 commercial vehicles), the delivery platform developed by Incitis enables bulk delivery (up to 14 Euro pallets or 25 rolls) and faster delivery, contributing to <strong>the decluttering of urban space by reducing the number of vehicles needed to carry out the rounds.<\/strong><\/span><\/h5>\n\n\n\n<h5 class=\"wp-block-heading\" style=\"font-size:18px\"><span style=\"font-family: 'Open Sans';\">Tests carried out in real conditions have confirmed a <strong>time saving of 30% on a round<\/strong> (on average) compared to conventional trucks of the same size, i.e. <strong>a saving of 1 vehicle out of 3<\/strong> !<\/span><\/h5>\n\n\n\n<div class=\"wp-block-group alignfull has-background has-link-color wp-elements-4cf6335061c26ce2cc563c14adc4590b is-layout-constrained wp-block-group-is-layout-constrained\" style=\"background-color:#002e58;margin-top:0px;margin-bottom:0px;padding-top:0vw;padding-bottom:0vw\">\n<div class=\"wp-block-columns alignwide is-layout-flex wp-container-core-columns-is-layout-f56f613f wp-block-columns-is-layout-flex\">\n<div class=\"wp-block-column is-layout-flow wp-container-core-column-is-layout-4e226197 wp-block-column-is-layout-flow\">\n<figure class=\"wp-block-image aligncenter size-full is-resized\"><img data-recalc-dims=\"1\" loading=\"lazy\" decoding=\"async\" width=\"1923\" height=\"995\" data-attachment-id=\"3123\" data-permalink=\"https:\/\/incitis.com\/en\/notre-solution\/schema-2\/\" data-orig-file=\"https:\/\/i0.wp.com\/incitis.com\/wp-content\/uploads\/2025\/11\/schema.jpg?fit=1923%2C995&amp;ssl=1\" data-orig-size=\"1923,995\" data-comments-opened=\"0\" data-image-meta=\"{&quot;aperture&quot;:&quot;0&quot;,&quot;credit&quot;:&quot;&quot;,&quot;camera&quot;:&quot;&quot;,&quot;caption&quot;:&quot;&quot;,&quot;created_timestamp&quot;:&quot;0&quot;,&quot;copyright&quot;:&quot;&quot;,&quot;focal_length&quot;:&quot;0&quot;,&quot;iso&quot;:&quot;0&quot;,&quot;shutter_speed&quot;:&quot;0&quot;,&quot;title&quot;:&quot;&quot;,&quot;orientation&quot;:&quot;0&quot;}\" data-image-title=\"schema\" data-image-description=\"\" data-image-caption=\"\" data-large-file=\"https:\/\/i0.wp.com\/incitis.com\/wp-content\/uploads\/2025\/11\/schema.jpg?fit=1024%2C530&amp;ssl=1\" src=\"https:\/\/incitis.com\/wp-content\/uploads\/2025\/11\/schema-en2.jpg\" alt=\"\" class=\"wp-image-3123\" style=\"width:783px;height:auto\" srcset=\"https:\/\/i0.wp.com\/incitis.com\/wp-content\/uploads\/2025\/11\/schema-en2.jpg?w=1923&ssl=1 1923w, https:\/\/i0.wp.com\/incitis.com\/wp-content\/uploads\/2025\/11\/schema-en2.jpg?resize=300%2C155&ssl=1 300w, https:\/\/i0.wp.com\/incitis.com\/wp-content\/uploads\/2025\/11\/schema-en2.jpg?resize=1024%2C530&ssl=1 1024w, https:\/\/i0.wp.com\/incitis.com\/wp-content\/uploads\/2025\/11\/schema-en2.jpg?resize=768%2C397&ssl=1 768w, https:\/\/i0.wp.com\/incitis.com\/wp-content\/uploads\/2025\/11\/schema-en2.jpg?resize=1536%2C795&ssl=1 1536w, https:\/\/i0.wp.com\/incitis.com\/wp-content\/uploads\/2025\/11\/schema-en2.jpg?resize=18%2C9&ssl=1 18w\" sizes=\"auto, (max-width: 1000px) 100vw, 1000px\" \/><\/figure>\n<\/div>\n<\/div>\n<\/div>\n\n\n\n<div class=\"wp-block-media-text is-stacked-on-mobile is-vertically-aligned-center is-style-default\" style=\"grid-template-columns:49% auto\"><figure class=\"wp-block-media-text__media\"><img data-recalc-dims=\"1\" loading=\"lazy\" decoding=\"async\" width=\"1024\" height=\"584\" data-attachment-id=\"1634\" data-permalink=\"https:\/\/incitis.com\/en\/notre-solution\/schema-vehicule-fr\/\" data-orig-file=\"https:\/\/i0.wp.com\/incitis.com\/wp-content\/uploads\/2023\/09\/schema-vehicule-fr.jpg?fit=2216%2C1264&amp;ssl=1\" data-orig-size=\"2216,1264\" data-comments-opened=\"1\" data-image-meta=\"{&quot;aperture&quot;:&quot;0&quot;,&quot;credit&quot;:&quot;&quot;,&quot;camera&quot;:&quot;&quot;,&quot;caption&quot;:&quot;&quot;,&quot;created_timestamp&quot;:&quot;0&quot;,&quot;copyright&quot;:&quot;&quot;,&quot;focal_length&quot;:&quot;0&quot;,&quot;iso&quot;:&quot;0&quot;,&quot;shutter_speed&quot;:&quot;0&quot;,&quot;title&quot;:&quot;&quot;,&quot;orientation&quot;:&quot;0&quot;}\" data-image-title=\"schema-vehicule-fr\" data-image-description=\"\" data-image-caption=\"\" data-large-file=\"https:\/\/i0.wp.com\/incitis.com\/wp-content\/uploads\/2023\/09\/schema-vehicule-fr.jpg?fit=1024%2C584&amp;ssl=1\" src=\"https:\/\/incitis.com\/wp-content\/uploads\/2023\/08\/schema-vehicule.jpg\" alt=\"\" class=\"wp-image-1634 size-full\" srcset=\"https:\/\/i0.wp.com\/incitis.com\/wp-content\/uploads\/2023\/08\/schema-vehicule.jpg?w=2216&ssl=1 2216w, https:\/\/i0.wp.com\/incitis.com\/wp-content\/uploads\/2023\/08\/schema-vehicule.jpg?resize=300%2C171&ssl=1 300w, https:\/\/i0.wp.com\/incitis.com\/wp-content\/uploads\/2023\/08\/schema-vehicule.jpg?resize=1024%2C584&ssl=1 1024w, https:\/\/i0.wp.com\/incitis.com\/wp-content\/uploads\/2023\/08\/schema-vehicule.jpg?resize=768%2C438&ssl=1 768w, https:\/\/i0.wp.com\/incitis.com\/wp-content\/uploads\/2023\/08\/schema-vehicule.jpg?resize=1536%2C876&ssl=1 1536w, https:\/\/i0.wp.com\/incitis.com\/wp-content\/uploads\/2023\/08\/schema-vehicule.jpg?resize=2048%2C1168&ssl=1 2048w, https:\/\/i0.wp.com\/incitis.com\/wp-content\/uploads\/2023\/08\/schema-vehicule.jpg?resize=1200%2C684&ssl=1 1200w\" sizes=\"auto, (max-width: 1000px) 100vw, 1000px\" \/><\/figure><div class=\"wp-block-media-text__content\">\n<p class=\"wp-block-paragraph\"><span style=\"font-size: 18px;\">Thanks to its<span style=\"color: #208a59;\">&nbsp;5 openings on 3 sides<\/span>, the goods, which can be refrigerated, are very easily accessible, regardless of the parking conditions in the delivery area.<\/span><br><span style=\"font-size: 18px;\">These openings contribute to a <span style=\"color: #208a59;\">smoother and faster delivery.<\/span><\/span><\/p>\n<\/div><\/div>\n\n\n\n<div class=\"wp-block-media-text has-media-on-the-right is-stacked-on-mobile is-vertically-aligned-center is-style-default\" style=\"grid-template-columns:auto 47%\"><div class=\"wp-block-media-text__content\">\n<p class=\"wp-block-paragraph\" style=\"font-size:18px\">The route can be reorganised instantly according to traffic and\/or customer urgency with great flexibility.<br>Deliveries and the vehicle (openings, etc.) can be managed in a very simple way by tablet, which <span style=\"color: #208a59;\">facilitates the work of the delivery driver on a daily basis<\/span>.<\/p>\n<\/div><figure class=\"wp-block-media-text__media\"><img data-recalc-dims=\"1\" loading=\"lazy\" decoding=\"async\" width=\"1024\" height=\"641\" data-attachment-id=\"3099\" data-permalink=\"https:\/\/incitis.com\/en\/notre-solution\/image-livreur\/\" data-orig-file=\"https:\/\/i0.wp.com\/incitis.com\/wp-content\/uploads\/2025\/11\/Image-livreur.png?fit=1772%2C1109&amp;ssl=1\" data-orig-size=\"1772,1109\" data-comments-opened=\"0\" data-image-meta=\"{&quot;aperture&quot;:&quot;0&quot;,&quot;credit&quot;:&quot;&quot;,&quot;camera&quot;:&quot;&quot;,&quot;caption&quot;:&quot;&quot;,&quot;created_timestamp&quot;:&quot;0&quot;,&quot;copyright&quot;:&quot;&quot;,&quot;focal_length&quot;:&quot;0&quot;,&quot;iso&quot;:&quot;0&quot;,&quot;shutter_speed&quot;:&quot;0&quot;,&quot;title&quot;:&quot;&quot;,&quot;orientation&quot;:&quot;0&quot;}\" data-image-title=\"Image livreur\" data-image-description=\"\" data-image-caption=\"\" data-large-file=\"https:\/\/i0.wp.com\/incitis.com\/wp-content\/uploads\/2025\/11\/Image-livreur.png?fit=1024%2C641&amp;ssl=1\" src=\"https:\/\/i0.wp.com\/incitis.com\/wp-content\/uploads\/2025\/11\/Image-livreur.png?resize=1024%2C641&#038;ssl=1\" alt=\"\" class=\"wp-image-3099 size-full\" srcset=\"https:\/\/i0.wp.com\/incitis.com\/wp-content\/uploads\/2025\/11\/Image-livreur.png?resize=1024%2C641&amp;ssl=1 1024w, https:\/\/i0.wp.com\/incitis.com\/wp-content\/uploads\/2025\/11\/Image-livreur.png?resize=300%2C188&amp;ssl=1 300w, https:\/\/i0.wp.com\/incitis.com\/wp-content\/uploads\/2025\/11\/Image-livreur.png?resize=768%2C481&amp;ssl=1 768w, https:\/\/i0.wp.com\/incitis.com\/wp-content\/uploads\/2025\/11\/Image-livreur.png?resize=1536%2C961&amp;ssl=1 1536w, https:\/\/i0.wp.com\/incitis.com\/wp-content\/uploads\/2025\/11\/Image-livreur.png?resize=18%2C12&amp;ssl=1 18w, https:\/\/i0.wp.com\/incitis.com\/wp-content\/uploads\/2025\/11\/Image-livreur.png?w=1772&amp;ssl=1 1772w\" sizes=\"auto, (max-width: 1000px) 100vw, 1000px\" \/><\/figure><\/div>\n\n\n\n<figure class=\"wp-block-image alignwide size-full\"><img data-recalc-dims=\"1\" loading=\"lazy\" decoding=\"async\" width=\"1200\" height=\"124\" data-attachment-id=\"991\" data-permalink=\"https:\/\/incitis.com\/en\/notre-solution\/forme03\/\" data-orig-file=\"https:\/\/i0.wp.com\/incitis.com\/wp-content\/uploads\/2023\/08\/forme03.png?fit=1200%2C124&amp;ssl=1\" data-orig-size=\"1200,124\" data-comments-opened=\"1\" data-image-meta=\"{&quot;aperture&quot;:&quot;0&quot;,&quot;credit&quot;:&quot;&quot;,&quot;camera&quot;:&quot;&quot;,&quot;caption&quot;:&quot;&quot;,&quot;created_timestamp&quot;:&quot;0&quot;,&quot;copyright&quot;:&quot;&quot;,&quot;focal_length&quot;:&quot;0&quot;,&quot;iso&quot;:&quot;0&quot;,&quot;shutter_speed&quot;:&quot;0&quot;,&quot;title&quot;:&quot;&quot;,&quot;orientation&quot;:&quot;0&quot;}\" data-image-title=\"forme03\" data-image-description=\"\" data-image-caption=\"\" data-large-file=\"https:\/\/i0.wp.com\/incitis.com\/wp-content\/uploads\/2023\/08\/forme03.png?fit=1024%2C106&amp;ssl=1\" src=\"https:\/\/i0.wp.com\/incitis.com\/wp-content\/uploads\/2023\/08\/forme03.png?resize=1200%2C124&#038;ssl=1\" alt=\"\" class=\"wp-image-991\" srcset=\"https:\/\/i0.wp.com\/incitis.com\/wp-content\/uploads\/2023\/08\/forme03.png?w=1200&amp;ssl=1 1200w, https:\/\/i0.wp.com\/incitis.com\/wp-content\/uploads\/2023\/08\/forme03.png?resize=300%2C31&amp;ssl=1 300w, https:\/\/i0.wp.com\/incitis.com\/wp-content\/uploads\/2023\/08\/forme03.png?resize=1024%2C106&amp;ssl=1 1024w, https:\/\/i0.wp.com\/incitis.com\/wp-content\/uploads\/2023\/08\/forme03.png?resize=768%2C79&amp;ssl=1 768w\" sizes=\"auto, (max-width: 1000px) 100vw, 1000px\" \/><\/figure>\n\n\n\n<h2 class=\"wp-block-heading has-text-align-left has-text-color has-link-color has-x-large-font-size has-custom-weight has-custom-lineheight wp-elements-3ae012293a84b602c1d8d7e1a47be0e0\" style=\"color:#005694;line-height:1.3;font-weight:normal\">Improving the safety and working conditions of delivery drivers<\/h2>\n\n\n\n<p class=\"wp-block-paragraph\" style=\"font-size:18px\">With the push of a button, the truck has the ability to lower to ground level for level deliveries (no tailgate needed!). <br>The delivery driver can thus remove the goods more quickly and in complete safety for him and for other users.<\/p>\n\n\n\n<div class=\"wp-block-columns is-layout-flex wp-container-core-columns-is-layout-f56f613f wp-block-columns-is-layout-flex\">\n<div class=\"wp-block-column is-layout-flow wp-block-column-is-layout-flow\">\n<figure class=\"wp-block-image size-full\"><img data-recalc-dims=\"1\" loading=\"lazy\" decoding=\"async\" width=\"1280\" height=\"718\" data-attachment-id=\"3105\" data-permalink=\"https:\/\/incitis.com\/en\/notre-solution\/livraison\/\" data-orig-file=\"https:\/\/i0.wp.com\/incitis.com\/wp-content\/uploads\/2025\/11\/livraison.jpg?fit=1280%2C718&amp;ssl=1\" data-orig-size=\"1280,718\" data-comments-opened=\"0\" data-image-meta=\"{&quot;aperture&quot;:&quot;0&quot;,&quot;credit&quot;:&quot;&quot;,&quot;camera&quot;:&quot;&quot;,&quot;caption&quot;:&quot;&quot;,&quot;created_timestamp&quot;:&quot;0&quot;,&quot;copyright&quot;:&quot;&quot;,&quot;focal_length&quot;:&quot;0&quot;,&quot;iso&quot;:&quot;0&quot;,&quot;shutter_speed&quot;:&quot;0&quot;,&quot;title&quot;:&quot;&quot;,&quot;orientation&quot;:&quot;0&quot;}\" data-image-title=\"livraison\" data-image-description=\"\" data-image-caption=\"\" data-large-file=\"https:\/\/i0.wp.com\/incitis.com\/wp-content\/uploads\/2025\/11\/livraison.jpg?fit=1024%2C574&amp;ssl=1\" src=\"https:\/\/i0.wp.com\/incitis.com\/wp-content\/uploads\/2025\/11\/livraison.jpg?resize=1280%2C718&#038;ssl=1\" alt=\"Un v\u00e9hicule de livraison innovant avec des caisses ouvertes, stationn\u00e9 dans un environnement urbain, permettant un acc\u00e8s facile aux marchandises.\" class=\"wp-image-3105\" srcset=\"https:\/\/i0.wp.com\/incitis.com\/wp-content\/uploads\/2025\/11\/livraison.jpg?w=1280&amp;ssl=1 1280w, https:\/\/i0.wp.com\/incitis.com\/wp-content\/uploads\/2025\/11\/livraison.jpg?resize=300%2C168&amp;ssl=1 300w, https:\/\/i0.wp.com\/incitis.com\/wp-content\/uploads\/2025\/11\/livraison.jpg?resize=1024%2C574&amp;ssl=1 1024w, https:\/\/i0.wp.com\/incitis.com\/wp-content\/uploads\/2025\/11\/livraison.jpg?resize=768%2C431&amp;ssl=1 768w, https:\/\/i0.wp.com\/incitis.com\/wp-content\/uploads\/2025\/11\/livraison.jpg?resize=18%2C10&amp;ssl=1 18w\" sizes=\"auto, (max-width: 1000px) 100vw, 1000px\" \/><\/figure>\n<\/div>\n\n\n\n<div class=\"wp-block-column is-layout-flow wp-block-column-is-layout-flow\">\n<figure class=\"wp-block-image size-full\"><img data-recalc-dims=\"1\" loading=\"lazy\" decoding=\"async\" width=\"2216\" height=\"1264\" data-attachment-id=\"1488\" data-permalink=\"https:\/\/incitis.com\/en\/notre-solution\/plus-besoin-hayon\/\" data-orig-file=\"https:\/\/i0.wp.com\/incitis.com\/wp-content\/uploads\/2023\/09\/plus-besoin-hayon.jpg?fit=2216%2C1264&amp;ssl=1\" data-orig-size=\"2216,1264\" data-comments-opened=\"1\" data-image-meta=\"{&quot;aperture&quot;:&quot;0&quot;,&quot;credit&quot;:&quot;&quot;,&quot;camera&quot;:&quot;&quot;,&quot;caption&quot;:&quot;&quot;,&quot;created_timestamp&quot;:&quot;0&quot;,&quot;copyright&quot;:&quot;&quot;,&quot;focal_length&quot;:&quot;0&quot;,&quot;iso&quot;:&quot;0&quot;,&quot;shutter_speed&quot;:&quot;0&quot;,&quot;title&quot;:&quot;&quot;,&quot;orientation&quot;:&quot;0&quot;}\" data-image-title=\"plus-besoin-hayon\" data-image-description=\"\" data-image-caption=\"\" data-large-file=\"https:\/\/i0.wp.com\/incitis.com\/wp-content\/uploads\/2023\/09\/plus-besoin-hayon.jpg?fit=1024%2C584&amp;ssl=1\" src=\"https:\/\/incitis.com\/wp-content\/uploads\/2023\/09\/no-need-for-a-tailgate-anymore.jpg\" alt=\"\" class=\"wp-image-1488\" srcset=\"https:\/\/i0.wp.com\/incitis.com\/wp-content\/uploads\/2023\/09\/no-need-for-a-tailgate-anymore.jpg?w=2216&ssl=1 2216w, https:\/\/i0.wp.com\/incitis.com\/wp-content\/uploads\/2023\/09\/no-need-for-a-tailgate-anymore.jpg?resize=300%2C171&ssl=1 300w, https:\/\/i0.wp.com\/incitis.com\/wp-content\/uploads\/2023\/09\/no-need-for-a-tailgate-anymore.jpg?resize=1024%2C584&ssl=1 1024w, https:\/\/i0.wp.com\/incitis.com\/wp-content\/uploads\/2023\/09\/no-need-for-a-tailgate-anymore.jpg?resize=768%2C438&ssl=1 768w, https:\/\/i0.wp.com\/incitis.com\/wp-content\/uploads\/2023\/09\/no-need-for-a-tailgate-anymore.jpg?resize=1536%2C876&ssl=1 1536w, https:\/\/i0.wp.com\/incitis.com\/wp-content\/uploads\/2023\/09\/no-need-for-a-tailgate-anymore.jpg?resize=2048%2C1168&ssl=1 2048w, https:\/\/i0.wp.com\/incitis.com\/wp-content\/uploads\/2023\/09\/no-need-for-a-tailgate-anymore.jpg?resize=18%2C10&ssl=1 18w, https:\/\/i0.wp.com\/incitis.com\/wp-content\/uploads\/2023\/09\/no-need-for-a-tailgate-anymore.jpg?resize=1200%2C684&ssl=1 1200w\" sizes=\"auto, (max-width: 1000px) 100vw, 1000px\" \/><\/figure>\n<\/div>\n<\/div>\n\n\n<p style=\"text-align: center;\"><span style=\"color: #208a59; font-size: 20px;\"><strong>This disruptive evolution brings a decisive change for delivery!<\/strong><\/span><\/p>\n\n\n<figure class=\"wp-block-image alignwide size-full\"><img data-recalc-dims=\"1\" loading=\"lazy\" decoding=\"async\" width=\"1200\" height=\"124\" data-attachment-id=\"987\" data-permalink=\"https:\/\/incitis.com\/en\/notre-solution\/forme04\/\" data-orig-file=\"https:\/\/i0.wp.com\/incitis.com\/wp-content\/uploads\/2023\/08\/forme04.png?fit=1200%2C124&amp;ssl=1\" data-orig-size=\"1200,124\" data-comments-opened=\"1\" data-image-meta=\"{&quot;aperture&quot;:&quot;0&quot;,&quot;credit&quot;:&quot;&quot;,&quot;camera&quot;:&quot;&quot;,&quot;caption&quot;:&quot;&quot;,&quot;created_timestamp&quot;:&quot;0&quot;,&quot;copyright&quot;:&quot;&quot;,&quot;focal_length&quot;:&quot;0&quot;,&quot;iso&quot;:&quot;0&quot;,&quot;shutter_speed&quot;:&quot;0&quot;,&quot;title&quot;:&quot;&quot;,&quot;orientation&quot;:&quot;0&quot;}\" data-image-title=\"forme04\" data-image-description=\"\" data-image-caption=\"\" data-large-file=\"https:\/\/i0.wp.com\/incitis.com\/wp-content\/uploads\/2023\/08\/forme04.png?fit=1024%2C106&amp;ssl=1\" src=\"https:\/\/i0.wp.com\/incitis.com\/wp-content\/uploads\/2023\/08\/forme04.png?resize=1200%2C124&#038;ssl=1\" alt=\"\" class=\"wp-image-987\" srcset=\"https:\/\/i0.wp.com\/incitis.com\/wp-content\/uploads\/2023\/08\/forme04.png?w=1200&amp;ssl=1 1200w, https:\/\/i0.wp.com\/incitis.com\/wp-content\/uploads\/2023\/08\/forme04.png?resize=300%2C31&amp;ssl=1 300w, https:\/\/i0.wp.com\/incitis.com\/wp-content\/uploads\/2023\/08\/forme04.png?resize=1024%2C106&amp;ssl=1 1024w, https:\/\/i0.wp.com\/incitis.com\/wp-content\/uploads\/2023\/08\/forme04.png?resize=768%2C79&amp;ssl=1 768w\" sizes=\"auto, (max-width: 1000px) 100vw, 1000px\" \/><\/figure>\n\n\n\n<h2 class=\"wp-block-heading has-text-align-left has-text-color has-link-color has-x-large-font-size has-custom-weight has-custom-lineheight wp-elements-32f1bca73bb8a206a057e6b56e9b6e91\" style=\"color:#005694;line-height:1.3;font-weight:normal\">Make the city more sustainable<\/h2>\n\n\n\n<div class=\"wp-block-media-text has-media-on-the-right is-stacked-on-mobile is-vertically-aligned-center is-style-default\"><div class=\"wp-block-media-text__content\">\n<p class=\"wp-block-paragraph\" style=\"font-size:18px\"><span style=\"color: #208a59;\"><strong>Incitis has chosen electromobility.<br><\/strong><\/span>The vehicle is 100% electric and designed for PIEK certification, for silent and emission-free deliveries in city centers.<br>The choice of battery + fuel cell technology optimises payload and extends range up to 400 km for greater touring versatility.<\/p>\n<\/div><figure class=\"wp-block-media-text__media\"><img data-recalc-dims=\"1\" loading=\"lazy\" decoding=\"async\" width=\"1024\" height=\"584\" data-attachment-id=\"1636\" data-permalink=\"https:\/\/incitis.com\/en\/notre-solution\/batterie\/\" data-orig-file=\"https:\/\/i0.wp.com\/incitis.com\/wp-content\/uploads\/2023\/09\/batterie.jpg?fit=2216%2C1264&amp;ssl=1\" data-orig-size=\"2216,1264\" data-comments-opened=\"1\" data-image-meta=\"{&quot;aperture&quot;:&quot;0&quot;,&quot;credit&quot;:&quot;&quot;,&quot;camera&quot;:&quot;&quot;,&quot;caption&quot;:&quot;&quot;,&quot;created_timestamp&quot;:&quot;0&quot;,&quot;copyright&quot;:&quot;&quot;,&quot;focal_length&quot;:&quot;0&quot;,&quot;iso&quot;:&quot;0&quot;,&quot;shutter_speed&quot;:&quot;0&quot;,&quot;title&quot;:&quot;&quot;,&quot;orientation&quot;:&quot;0&quot;}\" data-image-title=\"batterie\" data-image-description=\"\" data-image-caption=\"\" data-large-file=\"https:\/\/i0.wp.com\/incitis.com\/wp-content\/uploads\/2023\/09\/batterie.jpg?fit=1024%2C584&amp;ssl=1\" src=\"https:\/\/incitis.com\/wp-content\/uploads\/2023\/08\/battery.jpg\" alt=\"\" class=\"wp-image-1636 size-full\" srcset=\"https:\/\/i0.wp.com\/incitis.com\/wp-content\/uploads\/2023\/08\/battery.jpg?w=2216&ssl=1 2216w, https:\/\/i0.wp.com\/incitis.com\/wp-content\/uploads\/2023\/08\/battery.jpg?resize=300%2C171&ssl=1 300w, https:\/\/i0.wp.com\/incitis.com\/wp-content\/uploads\/2023\/08\/battery.jpg?resize=1024%2C584&ssl=1 1024w, https:\/\/i0.wp.com\/incitis.com\/wp-content\/uploads\/2023\/08\/battery.jpg?resize=768%2C438&ssl=1 768w, https:\/\/i0.wp.com\/incitis.com\/wp-content\/uploads\/2023\/08\/battery.jpg?resize=1536%2C876&ssl=1 1536w, https:\/\/i0.wp.com\/incitis.com\/wp-content\/uploads\/2023\/08\/battery.jpg?resize=2048%2C1168&ssl=1 2048w, https:\/\/i0.wp.com\/incitis.com\/wp-content\/uploads\/2023\/08\/battery.jpg?resize=1200%2C684&ssl=1 1200w\" sizes=\"auto, (max-width: 1000px) 100vw, 1000px\" \/><\/figure><\/div>\n\n\n\n<div class=\"wp-block-buttons is-content-justification-center is-layout-flex wp-container-core-buttons-is-layout-20959078 wp-block-buttons-is-layout-flex\">\n<div class=\"wp-block-button\"><a class=\"wp-block-button__link has-background has-small-font-size has-custom-font-size wp-element-button\" href=\"https:\/\/incitis.com\/en\/investir-dans-notre-projet\/\" style=\"border-radius:40px;background-color:#008f9d;padding-top:0px;padding-right:15px;padding-bottom:0px;padding-left:15px\">Invest in our project<\/a><\/div>\n<\/div>","protected":false},"excerpt":{"rendered":"<p>Incitis : une solution innovante in\u00e9dite pour la livraison D\u00e9sencombrer l&rsquo;espace urbain Avec ses fonctionnalit\u00e9s in\u00e9dites et ses 8 tonnes de charge utile (l\u2019\u00e9quivalent de 6 \u00e0 7 v\u00e9hicules utilitaires), la plateforme de livraison d\u00e9velopp\u00e9e par Incitis permet de massifier (jusqu&rsquo;\u00e0 14 Europalettes ou 25 rolls) et acc\u00e9l\u00e9rer la livraison et contribue au d\u00e9sencombrement de [&hellip;]<\/p>\n","protected":false},"author":239238180,"featured_media":0,"parent":0,"menu_order":0,"comment_status":"closed","ping_status":"closed","template":"","meta":{"_coblocks_attr":"","_coblocks_dimensions":"","_coblocks_responsive_height":"","_coblocks_accordion_ie_support":"","_crdt_document":"","advanced_seo_description":"","jetpack_seo_html_title":"","jetpack_seo_noindex":false,"footnotes":""},"class_list":["post-935","page","type-page","status-publish","hentry"],"jetpack_likes_enabled":true,"jetpack_sharing_enabled":true,"jetpack_shortlink":"https:\/\/wp.me\/Pbn9a2-f5","jetpack-related-posts":[],"_links":{"self":[{"href":"https:\/\/incitis.com\/en\/wp-json\/wp\/v2\/pages\/935","targetHints":{"allow":["GET"]}}],"collection":[{"href":"https:\/\/incitis.com\/en\/wp-json\/wp\/v2\/pages"}],"about":[{"href":"https:\/\/incitis.com\/en\/wp-json\/wp\/v2\/types\/page"}],"author":[{"embeddable":true,"href":"https:\/\/incitis.com\/en\/wp-json\/wp\/v2\/users\/239238180"}],"replies":[{"embeddable":true,"href":"https:\/\/incitis.com\/en\/wp-json\/wp\/v2\/comments?post=935"}],"version-history":[{"count":100,"href":"https:\/\/incitis.com\/en\/wp-json\/wp\/v2\/pages\/935\/revisions"}],"predecessor-version":[{"id":3122,"href":"https:\/\/incitis.com\/en\/wp-json\/wp\/v2\/pages\/935\/revisions\/3122"}],"wp:attachment":[{"href":"https:\/\/incitis.com\/en\/wp-json\/wp\/v2\/media?parent=935"}],"curies":[{"name":"wp","href":"https:\/\/api.w.org\/{rel}","templated":true}]}}